{"id":1966,"date":"2025-05-07T09:13:11","date_gmt":"2025-05-07T07:13:11","guid":{"rendered":"https:\/\/helitecnics.com\/quant-a\/"},"modified":"2025-10-21T09:53:32","modified_gmt":"2025-10-21T07:53:32","slug":"quant-a","status":"publish","type":"page","link":"https:\/\/helitecnics.com\/ca\/quant-a\/","title":{"rendered":"Quant a"},"content":{"rendered":"\n<p class=\"wp-block-paragraph\">Aquesta \u00e9s una p\u00e0gina d&#8217;exemple. A difer\u00e8ncia de les entrades, que es mostren a la p\u00e0gina d&#8217;inici del vostre blog en l&#8217;ordre en qu\u00e8 es van publicar, les p\u00e0gines s&#8217;ajusten millor a un contingut atemporal que voleu que sigui m\u00e9s accessible, com les vostres dades de contacte o la informaci\u00f3 sobre vosaltres. Feu clic a l&#8217;enlla\u00e7 &#8220;Edita&#8221; per fer canvis en aquesta p\u00e0gina o <a title=\"Enlla&#xE7; directe per afegir una p&#xE0;gina nova a l'escriptori\" href=\"https:\/\/wordpress.com\/page\/244276914\/new\/\">afegir una altra p\u00e0gina<\/a>.  <\/p>\n","protected":false},"excerpt":{"rendered":"<p>Aquesta \u00e9s una p\u00e0gina d&#8217;exemple. A difer\u00e8ncia de les entrades, que es mostren a la p\u00e0gina d&#8217;inici del vostre blog en l&#8217;ordre en qu\u00e8 es van publicar, les p\u00e0gines s&#8217;ajusten millor a un contingut atemporal que voleu que sigui m\u00e9s accessible, com les vostres dades de contacte o la informaci\u00f3 sobre vosaltres. Feu clic a [&hellip;]<\/p>\n","protected":false},"author":265838381,"featured_media":0,"parent":0,"menu_order":0,"comment_status":"closed","ping_status":"open","template":"","meta":{"_crdt_document":"","_uag_custom_page_level_css":"","site-sidebar-layout":"default","site-content-layout":"","ast-site-content-layout":"","site-content-style":"default","site-sidebar-style":"default","ast-global-header-display":"","ast-banner-title-visibility":"","ast-main-header-display":"","ast-hfb-above-header-display":"","ast-hfb-below-header-display":"","ast-hfb-mobile-header-display":"","site-post-title":"","ast-breadcrumbs-content":"","ast-featured-img":"","footer-sml-layout":"","theme-transparent-header-meta":"","adv-header-id-meta":"","stick-header-meta":"","header-above-stick-meta":"","header-main-stick-meta":"","header-below-stick-meta":"","astra-migrate-meta-layouts":"default","ast-page-background-enabled":"default","ast-page-background-meta":{"desktop":{"background-color":"var(--ast-global-color-4)","background-image":"","background-repeat":"repeat","background-position":"center center","background-size":"auto","background-attachment":"scroll","background-type":"","background-media":"","overlay-type":"","overlay-color":"","overlay-opacity":"","overlay-gradient":""},"tablet":{"background-color":"","background-image":"","background-repeat":"repeat","background-position":"center center","background-size":"auto","background-attachment":"scroll","background-type":"","background-media":"","overlay-type":"","overlay-color":"","overlay-opacity":"","overlay-gradient":""},"mobile":{"background-color":"","background-image":"","background-repeat":"repeat","background-position":"center center","background-size":"auto","background-attachment":"scroll","background-type":"","background-media":"","overlay-type":"","overlay-color":"","overlay-opacity":"","overlay-gradient":""}},"ast-content-background-meta":{"desktop":{"background-color":"var(--ast-global-color-5)","background-image":"","background-repeat":"repeat","background-position":"center center","background-size":"auto","background-attachment":"scroll","background-type":"","background-media":"","overlay-type":"","overlay-color":"","overlay-opacity":"","overlay-gradient":""},"tablet":{"background-color":"var(--ast-global-color-5)","background-image":"","background-repeat":"repeat","background-position":"center center","background-size":"auto","background-attachment":"scroll","background-type":"","background-media":"","overlay-type":"","overlay-color":"","overlay-opacity":"","overlay-gradient":""},"mobile":{"background-color":"var(--ast-global-color-5)","background-image":"","background-repeat":"repeat","background-position":"center center","background-size":"auto","background-attachment":"scroll","background-type":"","background-media":"","overlay-type":"","overlay-color":"","overlay-opacity":"","overlay-gradient":""}},"jetpack_post_was_ever_published":true,"_joinchat":[],"footnotes":""},"class_list":["post-1966","page","type-page","status-publish","hentry"],"yoast_head":"<!-- This site is optimized with the Yoast SEO Premium plugin v27.3 (Yoast SEO v27.3) - https:\/\/yoast.com\/product\/yoast-seo-premium-wordpress\/ -->\n<title>Quant a - Helitecnics<\/title>\n<meta name=\"robots\" content=\"index, follow, max-snippet:-1, max-image-preview:large, max-video-preview:-1\" \/>\n<link rel=\"canonical\" href=\"https:\/\/helitecnics.com\/ca\/quant-a\/\" \/>\n<meta property=\"og:locale\" content=\"ca_ES\" \/>\n<meta property=\"og:type\" content=\"article\" \/>\n<meta property=\"og:title\" content=\"Quant a\" \/>\n<meta property=\"og:description\" content=\"Aquesta \u00e9s una p\u00e0gina d&#8217;exemple. A difer\u00e8ncia de les entrades, que es mostren a la p\u00e0gina d&#8217;inici del vostre blog en l&#8217;ordre en qu\u00e8 es van publicar, les p\u00e0gines s&#8217;ajusten millor a un contingut atemporal que voleu que sigui m\u00e9s accessible, com les vostres dades de contacte o la informaci\u00f3 sobre vosaltres. Feu clic a [&hellip;]\" \/>\n<meta property=\"og:url\" content=\"https:\/\/helitecnics.com\/ca\/quant-a\/\" \/>\n<meta property=\"og:site_name\" content=\"Helitecnics\" \/>\n<meta property=\"article:modified_time\" content=\"2025-10-21T07:53:32+00:00\" \/>\n<meta name=\"twitter:card\" content=\"summary_large_image\" \/>\n<script type=\"application\/ld+json\" class=\"yoast-schema-graph\">{\"@context\":\"https:\\\/\\\/schema.org\",\"@graph\":[{\"@type\":\"WebPage\",\"@id\":\"https:\\\/\\\/helitecnics.com\\\/ca\\\/quant-a\\\/\",\"url\":\"https:\\\/\\\/helitecnics.com\\\/ca\\\/quant-a\\\/\",\"name\":\"Quant a - Helitecnics\",\"isPartOf\":{\"@id\":\"https:\\\/\\\/helitecnics.com\\\/ca\\\/#website\"},\"datePublished\":\"2025-05-07T07:13:11+00:00\",\"dateModified\":\"2025-10-21T07:53:32+00:00\",\"breadcrumb\":{\"@id\":\"https:\\\/\\\/helitecnics.com\\\/ca\\\/quant-a\\\/#breadcrumb\"},\"inLanguage\":\"ca\",\"potentialAction\":[{\"@type\":\"ReadAction\",\"target\":[\"https:\\\/\\\/helitecnics.com\\\/ca\\\/quant-a\\\/\"]}]},{\"@type\":\"BreadcrumbList\",\"@id\":\"https:\\\/\\\/helitecnics.com\\\/ca\\\/quant-a\\\/#breadcrumb\",\"itemListElement\":[{\"@type\":\"ListItem\",\"position\":1,\"name\":\"Home\",\"item\":\"https:\\\/\\\/helitecnics.com\\\/ca\\\/?page_id=1880\"},{\"@type\":\"ListItem\",\"position\":2,\"name\":\"Quant a\"}]},{\"@type\":\"WebSite\",\"@id\":\"https:\\\/\\\/helitecnics.com\\\/ca\\\/#website\",\"url\":\"https:\\\/\\\/helitecnics.com\\\/ca\\\/\",\"name\":\"Helitecnics\",\"description\":\"\",\"publisher\":{\"@id\":\"https:\\\/\\\/helitecnics.com\\\/ca\\\/#organization\"},\"potentialAction\":[{\"@type\":\"SearchAction\",\"target\":{\"@type\":\"EntryPoint\",\"urlTemplate\":\"https:\\\/\\\/helitecnics.com\\\/ca\\\/?s={search_term_string}\"},\"query-input\":{\"@type\":\"PropertyValueSpecification\",\"valueRequired\":true,\"valueName\":\"search_term_string\"}}],\"inLanguage\":\"ca\"},{\"@type\":\"Organization\",\"@id\":\"https:\\\/\\\/helitecnics.com\\\/ca\\\/#organization\",\"name\":\"Helitecnics\",\"url\":\"https:\\\/\\\/helitecnics.com\\\/ca\\\/\",\"logo\":{\"@type\":\"ImageObject\",\"inLanguage\":\"ca\",\"@id\":\"https:\\\/\\\/helitecnics.com\\\/ca\\\/#\\\/schema\\\/logo\\\/image\\\/\",\"url\":\"https:\\\/\\\/i0.wp.com\\\/helitecnics.com\\\/wp-content\\\/uploads\\\/2025\\\/05\\\/cropped-Logo-HLT-sin-fondo.png?fit=1241%2C413&ssl=1\",\"contentUrl\":\"https:\\\/\\\/i0.wp.com\\\/helitecnics.com\\\/wp-content\\\/uploads\\\/2025\\\/05\\\/cropped-Logo-HLT-sin-fondo.png?fit=1241%2C413&ssl=1\",\"width\":1241,\"height\":413,\"caption\":\"Helitecnics\"},\"image\":{\"@id\":\"https:\\\/\\\/helitecnics.com\\\/ca\\\/#\\\/schema\\\/logo\\\/image\\\/\"}}]}<\/script>\n<!-- \/ Yoast SEO Premium plugin. -->","yoast_head_json":{"title":"Quant a - Helitecnics","robots":{"index":"index","follow":"follow","max-snippet":"max-snippet:-1","max-image-preview":"max-image-preview:large","max-video-preview":"max-video-preview:-1"},"canonical":"https:\/\/helitecnics.com\/ca\/quant-a\/","og_locale":"ca_ES","og_type":"article","og_title":"Quant a","og_description":"Aquesta \u00e9s una p\u00e0gina d&#8217;exemple. A difer\u00e8ncia de les entrades, que es mostren a la p\u00e0gina d&#8217;inici del vostre blog en l&#8217;ordre en qu\u00e8 es van publicar, les p\u00e0gines s&#8217;ajusten millor a un contingut atemporal que voleu que sigui m\u00e9s accessible, com les vostres dades de contacte o la informaci\u00f3 sobre vosaltres. Feu clic a [&hellip;]","og_url":"https:\/\/helitecnics.com\/ca\/quant-a\/","og_site_name":"Helitecnics","article_modified_time":"2025-10-21T07:53:32+00:00","twitter_card":"summary_large_image","schema":{"@context":"https:\/\/schema.org","@graph":[{"@type":"WebPage","@id":"https:\/\/helitecnics.com\/ca\/quant-a\/","url":"https:\/\/helitecnics.com\/ca\/quant-a\/","name":"Quant a - Helitecnics","isPartOf":{"@id":"https:\/\/helitecnics.com\/ca\/#website"},"datePublished":"2025-05-07T07:13:11+00:00","dateModified":"2025-10-21T07:53:32+00:00","breadcrumb":{"@id":"https:\/\/helitecnics.com\/ca\/quant-a\/#breadcrumb"},"inLanguage":"ca","potentialAction":[{"@type":"ReadAction","target":["https:\/\/helitecnics.com\/ca\/quant-a\/"]}]},{"@type":"BreadcrumbList","@id":"https:\/\/helitecnics.com\/ca\/quant-a\/#breadcrumb","itemListElement":[{"@type":"ListItem","position":1,"name":"Home","item":"https:\/\/helitecnics.com\/ca\/?page_id=1880"},{"@type":"ListItem","position":2,"name":"Quant a"}]},{"@type":"WebSite","@id":"https:\/\/helitecnics.com\/ca\/#website","url":"https:\/\/helitecnics.com\/ca\/","name":"Helitecnics","description":"","publisher":{"@id":"https:\/\/helitecnics.com\/ca\/#organization"},"potentialAction":[{"@type":"SearchAction","target":{"@type":"EntryPoint","urlTemplate":"https:\/\/helitecnics.com\/ca\/?s={search_term_string}"},"query-input":{"@type":"PropertyValueSpecification","valueRequired":true,"valueName":"search_term_string"}}],"inLanguage":"ca"},{"@type":"Organization","@id":"https:\/\/helitecnics.com\/ca\/#organization","name":"Helitecnics","url":"https:\/\/helitecnics.com\/ca\/","logo":{"@type":"ImageObject","inLanguage":"ca","@id":"https:\/\/helitecnics.com\/ca\/#\/schema\/logo\/image\/","url":"https:\/\/i0.wp.com\/helitecnics.com\/wp-content\/uploads\/2025\/05\/cropped-Logo-HLT-sin-fondo.png?fit=1241%2C413&ssl=1","contentUrl":"https:\/\/i0.wp.com\/helitecnics.com\/wp-content\/uploads\/2025\/05\/cropped-Logo-HLT-sin-fondo.png?fit=1241%2C413&ssl=1","width":1241,"height":413,"caption":"Helitecnics"},"image":{"@id":"https:\/\/helitecnics.com\/ca\/#\/schema\/logo\/image\/"}}]}},"spectra_custom_meta":{"_uagb_previous_block_counts":["a:90:{s:21:\"uagb\/advanced-heading\";i:0;s:15:\"uagb\/blockquote\";i:0;s:12:\"uagb\/buttons\";i:0;s:18:\"uagb\/buttons-child\";i:0;s:19:\"uagb\/call-to-action\";i:0;s:15:\"uagb\/cf7-styler\";i:0;s:11:\"uagb\/column\";i:0;s:12:\"uagb\/columns\";i:0;s:14:\"uagb\/container\";i:0;s:21:\"uagb\/content-timeline\";i:0;s:27:\"uagb\/content-timeline-child\";i:0;s:14:\"uagb\/countdown\";i:0;s:12:\"uagb\/counter\";i:0;s:8:\"uagb\/faq\";i:0;s:14:\"uagb\/faq-child\";i:0;s:10:\"uagb\/forms\";i:0;s:17:\"uagb\/forms-accept\";i:0;s:19:\"uagb\/forms-checkbox\";i:0;s:15:\"uagb\/forms-date\";i:0;s:16:\"uagb\/forms-email\";i:0;s:17:\"uagb\/forms-hidden\";i:0;s:15:\"uagb\/forms-name\";i:0;s:16:\"uagb\/forms-phone\";i:0;s:16:\"uagb\/forms-radio\";i:0;s:17:\"uagb\/forms-select\";i:0;s:19:\"uagb\/forms-textarea\";i:0;s:17:\"uagb\/forms-toggle\";i:0;s:14:\"uagb\/forms-url\";i:0;s:14:\"uagb\/gf-styler\";i:0;s:15:\"uagb\/google-map\";i:0;s:11:\"uagb\/how-to\";i:0;s:16:\"uagb\/how-to-step\";i:0;s:9:\"uagb\/icon\";i:0;s:14:\"uagb\/icon-list\";i:0;s:20:\"uagb\/icon-list-child\";i:0;s:10:\"uagb\/image\";i:0;s:18:\"uagb\/image-gallery\";i:0;s:13:\"uagb\/info-box\";i:0;s:18:\"uagb\/inline-notice\";i:0;s:11:\"uagb\/lottie\";i:0;s:21:\"uagb\/marketing-button\";i:0;s:10:\"uagb\/modal\";i:0;s:18:\"uagb\/popup-builder\";i:0;s:16:\"uagb\/post-button\";i:0;s:18:\"uagb\/post-carousel\";i:0;s:17:\"uagb\/post-excerpt\";i:0;s:14:\"uagb\/post-grid\";i:0;s:15:\"uagb\/post-image\";i:0;s:17:\"uagb\/post-masonry\";i:0;s:14:\"uagb\/post-meta\";i:0;s:18:\"uagb\/post-taxonomy\";i:0;s:18:\"uagb\/post-timeline\";i:0;s:15:\"uagb\/post-title\";i:0;s:20:\"uagb\/restaurant-menu\";i:0;s:26:\"uagb\/restaurant-menu-child\";i:0;s:11:\"uagb\/review\";i:0;s:12:\"uagb\/section\";i:0;s:14:\"uagb\/separator\";i:0;s:11:\"uagb\/slider\";i:0;s:17:\"uagb\/slider-child\";i:0;s:17:\"uagb\/social-share\";i:0;s:23:\"uagb\/social-share-child\";i:0;s:16:\"uagb\/star-rating\";i:0;s:23:\"uagb\/sure-cart-checkout\";i:0;s:22:\"uagb\/sure-cart-product\";i:0;s:15:\"uagb\/sure-forms\";i:0;s:22:\"uagb\/table-of-contents\";i:0;s:9:\"uagb\/tabs\";i:0;s:15:\"uagb\/tabs-child\";i:0;s:18:\"uagb\/taxonomy-list\";i:0;s:9:\"uagb\/team\";i:0;s:16:\"uagb\/testimonial\";i:0;s:14:\"uagb\/wp-search\";i:0;s:19:\"uagb\/instagram-feed\";i:0;s:10:\"uagb\/login\";i:0;s:17:\"uagb\/loop-builder\";i:0;s:18:\"uagb\/loop-category\";i:0;s:20:\"uagb\/loop-pagination\";i:0;s:15:\"uagb\/loop-reset\";i:0;s:16:\"uagb\/loop-search\";i:0;s:14:\"uagb\/loop-sort\";i:0;s:17:\"uagb\/loop-wrapper\";i:0;s:13:\"uagb\/register\";i:0;s:19:\"uagb\/register-email\";i:0;s:24:\"uagb\/register-first-name\";i:0;s:23:\"uagb\/register-last-name\";i:0;s:22:\"uagb\/register-password\";i:0;s:30:\"uagb\/register-reenter-password\";i:0;s:19:\"uagb\/register-terms\";i:0;s:22:\"uagb\/register-username\";i:0;}"],"_top_nav_excluded":[""],"_cms_nav_minihome":[""],"_wp_page_template":["default"],"_jetpack_post_was_ever_published":["1"],"_yoast_indexnow_last_ping":["1761033210"],"_last_translation_edit_mode":["translation-editor"],"_wpml_word_count":["69"],"_uag_css_file_name":["uag-css-1966.css"],"_uag_page_assets":["a:9:{s:3:\"css\";s:263:\".uag-blocks-common-selector{z-index:var(--z-index-desktop) !important}@media (max-width: 976px){.uag-blocks-common-selector{z-index:var(--z-index-tablet) !important}}@media (max-width: 767px){.uag-blocks-common-selector{z-index:var(--z-index-mobile) !important}}\n\";s:2:\"js\";s:0:\"\";s:18:\"current_block_list\";a:9:{i:0;s:14:\"core\/paragraph\";i:1;s:11:\"core\/search\";i:2;s:10:\"core\/group\";i:3;s:12:\"core\/heading\";i:4;s:17:\"core\/latest-posts\";i:5;s:20:\"core\/latest-comments\";i:6;s:13:\"core\/archives\";i:7;s:15:\"core\/categories\";i:8;s:10:\"core\/image\";}s:8:\"uag_flag\";b:0;s:11:\"uag_version\";s:10:\"1775598427\";s:6:\"gfonts\";a:0:{}s:10:\"gfonts_url\";s:0:\"\";s:12:\"gfonts_files\";a:0:{}s:14:\"uag_faq_layout\";b:0;}"]},"uagb_featured_image_src":{"full":false,"thumbnail":false,"medium":false,"medium_large":false,"large":false,"1536x1536":false,"2048x2048":false,"newspack-article-block-landscape-large":false,"newspack-article-block-portrait-large":false,"newspack-article-block-square-large":false,"newspack-article-block-landscape-medium":false,"newspack-article-block-portrait-medium":false,"newspack-article-block-square-medium":false,"newspack-article-block-landscape-intermediate":false,"newspack-article-block-portrait-intermediate":false,"newspack-article-block-square-intermediate":false,"newspack-article-block-landscape-small":false,"newspack-article-block-portrait-small":false,"newspack-article-block-square-small":false,"newspack-article-block-landscape-tiny":false,"newspack-article-block-portrait-tiny":false,"newspack-article-block-square-tiny":false,"newspack-article-block-uncropped":false},"uagb_author_info":{"display_name":"info0640efb98c4","author_link":"https:\/\/helitecnics.com\/ca\/author\/info0640efb98c4\/"},"uagb_comment_info":0,"uagb_excerpt":"Aquesta \u00e9s una p\u00e0gina d&#8217;exemple. A difer\u00e8ncia de les entrades, que es mostren a la p\u00e0gina d&#8217;inici del vostre blog en l&#8217;ordre en qu\u00e8 es van publicar, les p\u00e0gines s&#8217;ajusten millor a un contingut atemporal que voleu que sigui m\u00e9s accessible, com les vostres dades de contacte o la informaci\u00f3 sobre vosaltres. Feu clic a&hellip;","jetpack_likes_enabled":true,"jetpack_sharing_enabled":true,"jetpack_shortlink":"https:\/\/wp.me\/PgwXAe-vI","jetpack-related-posts":[],"_links":{"self":[{"href":"https:\/\/helitecnics.com\/ca\/wp-json\/wp\/v2\/pages\/1966","targetHints":{"allow":["GET"]}}],"collection":[{"href":"https:\/\/helitecnics.com\/ca\/wp-json\/wp\/v2\/pages"}],"about":[{"href":"https:\/\/helitecnics.com\/ca\/wp-json\/wp\/v2\/types\/page"}],"author":[{"embeddable":true,"href":"https:\/\/helitecnics.com\/ca\/wp-json\/wp\/v2\/users\/265838381"}],"replies":[{"embeddable":true,"href":"https:\/\/helitecnics.com\/ca\/wp-json\/wp\/v2\/comments?post=1966"}],"version-history":[{"count":2,"href":"https:\/\/helitecnics.com\/ca\/wp-json\/wp\/v2\/pages\/1966\/revisions"}],"predecessor-version":[{"id":1968,"href":"https:\/\/helitecnics.com\/ca\/wp-json\/wp\/v2\/pages\/1966\/revisions\/1968"}],"wp:attachment":[{"href":"https:\/\/helitecnics.com\/ca\/wp-json\/wp\/v2\/media?parent=1966"}],"curies":[{"name":"wp","href":"https:\/\/api.w.org\/{rel}","templated":true}]}}